{"id":8071,"date":"2025-02-02T11:48:18","date_gmt":"2025-02-02T10:48:18","guid":{"rendered":"https:\/\/rent-showroom.com\/our-services\/"},"modified":"2025-08-01T12:18:08","modified_gmt":"2025-08-01T10:18:08","slug":"nos-services","status":"publish","type":"page","link":"https:\/\/rent-showroom.com\/fr\/nos-services\/","title":{"rendered":"Nos services"},"content":{"rendered":"\t\t<div data-elementor-type=\"wp-page\" data-elementor-id=\"8071\" class=\"elementor elementor-8071\">\n\t\t\t\t<div class=\"elementor-element elementor-element-de48112 e-con-full e-flex e-con e-parent\" data-id=\"de48112\" data-element_type=\"container\" id=\"#histoire\">\n\t\t<div class=\"elementor-element elementor-element-fe8d7d3 e-con-full e-flex e-con e-child\" data-id=\"fe8d7d3\" data-element_type=\"container\" data-settings=\"{&quot;background_background&quot;:&quot;classic&quot;}\">\n\t\t\t\t<div class=\"elementor-element elementor-element-80d97b5 elementor-widget elementor-widget-spacer\" data-id=\"80d97b5\" data-element_type=\"widget\" data-widget_type=\"spacer.default\">\n\t\t\t\t<div class=\"elementor-widget-container\">\n\t\t\t\t\t\t\t<div class=\"elementor-spacer\">\n\t\t\t<div class=\"elementor-spacer-inner\"><\/div>\n\t\t<\/div>\n\t\t\t\t\t\t<\/div>\n\t\t\t\t<\/div>\n\t\t\t\t<\/div>\n\t\t<div class=\"elementor-element elementor-element-dbf18bf e-con-full e-flex e-con e-child\" data-id=\"dbf18bf\" data-element_type=\"container\">\n\t\t<div class=\"elementor-element elementor-element-d85c807 e-flex e-con-boxed e-con e-child\" data-id=\"d85c807\" data-element_type=\"container\" id=\"histoire\">\n\t\t\t\t\t<div class=\"e-con-inner\">\n\t\t\t\t<div class=\"elementor-element elementor-element-0533e3e elementor-widget elementor-widget-heading\" data-id=\"0533e3e\" data-element_type=\"widget\" data-widget_type=\"heading.default\">\n\t\t\t\t<div class=\"elementor-widget-container\">\n\t\t\t\t\t<h1 class=\"elementor-heading-title elementor-size-default\">Organisation d'\u00e9v\u00e9nement et location d\u2019espaces \u00e0 Paris<\/h1>\t\t\t\t<\/div>\n\t\t\t\t<\/div>\n\t\t\t\t<div class=\"elementor-element elementor-element-cb63c72 elementor-widget elementor-widget-text-editor\" data-id=\"cb63c72\" data-element_type=\"widget\" id=\"environnementale\" data-widget_type=\"text-editor.default\">\n\t\t\t\t<div class=\"elementor-widget-container\">\n\t\t\t\t\t\t\t\t\t<p><strong>Nos services associ\u00e9s<\/strong><\/p>\t\t\t\t\t\t\t\t<\/div>\n\t\t\t\t<\/div>\n\t\t\t\t<div class=\"elementor-element elementor-element-0dbafc1 elementor-widget elementor-widget-heading\" data-id=\"0dbafc1\" data-element_type=\"widget\" data-widget_type=\"heading.default\">\n\t\t\t\t<div class=\"elementor-widget-container\">\n\t\t\t\t\t<h2 class=\"elementor-heading-title elementor-size-default\">Rent Showroom vous accompagne !<\/h2>\t\t\t\t<\/div>\n\t\t\t\t<\/div>\n\t\t\t\t<div class=\"elementor-element elementor-element-bd19758 elementor-widget elementor-widget-text-editor\" data-id=\"bd19758\" data-element_type=\"widget\" data-widget_type=\"text-editor.default\">\n\t\t\t\t<div class=\"elementor-widget-container\">\n\t\t\t\t\t\t\t\t\t<p>Pr\u00e9parer son prochain s\u00e9jour et \u00e9v\u00e9nement \u00e0 Paris n&rsquo;est pas chose ais\u00e9e lorsqu&rsquo;on est \u00e0 l&rsquo;\u00e9tranger ou en d\u00e9placement !<\/p><p>Obtenez un showroom ou un pop-up store cl\u00e9 en main gr\u00e2ce \u00e0 nos services complets. Rent Showroom vous propose une solution cl\u00e9 en main.<\/p><p>Nous collaborons avec les meilleurs prestataires et partenaires locaux pour faire de votre \u00e9v\u00e9nement une r\u00e9ussite.<\/p>\t\t\t\t\t\t\t\t<\/div>\n\t\t\t\t<\/div>\n\t\t\t\t<div class=\"elementor-element elementor-element-adb4534 elementor-widget elementor-widget-text-editor\" data-id=\"adb4534\" data-element_type=\"widget\" data-widget_type=\"text-editor.default\">\n\t\t\t\t<div class=\"elementor-widget-container\">\n\t\t\t\t\t\t\t\t\t<p>Dans la longue liste de services que nous pouvons fournir, en voici quelques exemples :<\/p>\t\t\t\t\t\t\t\t<\/div>\n\t\t\t\t<\/div>\n\t\t\t\t<div class=\"elementor-element elementor-element-759b557 elementor-widget elementor-widget-text-editor\" data-id=\"759b557\" data-element_type=\"widget\" data-widget_type=\"text-editor.default\">\n\t\t\t\t<div class=\"elementor-widget-container\">\n\t\t\t\t\t\t\t\t\t<p>Services de restauration<\/p><p>Location\u00a0: racks, mobilier, mat\u00e9riel, sonorisation, \u00e9clairage des \u00e9crans TV\u2026<\/p><p>Personnel\u00a0: s\u00e9curit\u00e9, vestiaire ou accueil, \u2026<\/p><p>Logistique et stockage<\/p><p>Coordination de l\u2019\u00e9v\u00e9nement<\/p><p>H\u00e9bergement en h\u00f4tels et Airbnb<\/p>\t\t\t\t\t\t\t\t<\/div>\n\t\t\t\t<\/div>\n\t\t\t\t\t<\/div>\n\t\t\t\t<\/div>\n\t\t\t\t<\/div>\n\t\t\t\t<\/div>\n\t\t<div class=\"elementor-element elementor-element-1cfae98 e-flex e-con-boxed e-con e-parent\" data-id=\"1cfae98\" data-element_type=\"container\">\n\t\t\t\t\t<div class=\"e-con-inner\">\n\t\t<div class=\"elementor-element elementor-element-c4cde0d e-con-full e-flex e-con e-child\" data-id=\"c4cde0d\" data-element_type=\"container\">\n\t\t<div class=\"elementor-element elementor-element-11738a6 e-con-full e-flex e-con e-child\" data-id=\"11738a6\" data-element_type=\"container\" data-settings=\"{&quot;background_background&quot;:&quot;classic&quot;}\">\n\t\t<div class=\"elementor-element elementor-element-6c2480e e-flex e-con-boxed e-con e-child\" data-id=\"6c2480e\" data-element_type=\"container\">\n\t\t\t\t\t<div class=\"e-con-inner\">\n\t\t\t\t<div class=\"elementor-element elementor-element-8a596e5 elementor-widget elementor-widget-text-editor\" data-id=\"8a596e5\" data-element_type=\"widget\" id=\"societale\" data-widget_type=\"text-editor.default\">\n\t\t\t\t<div class=\"elementor-widget-container\">\n\t\t\t\t\t\t\t\t\t<p>ORGANISATION COMPL\u00c8TE DE VOTRE \u00c9V\u00c9NEMENT<\/p>\t\t\t\t\t\t\t\t<\/div>\n\t\t\t\t<\/div>\n\t\t\t\t<div class=\"elementor-element elementor-element-158e0ca elementor-widget elementor-widget-heading\" data-id=\"158e0ca\" data-element_type=\"widget\" data-widget_type=\"heading.default\">\n\t\t\t\t<div class=\"elementor-widget-container\">\n\t\t\t\t\t<h2 class=\"elementor-heading-title elementor-size-default\">ORGANISATION COMPL\u00c8TE DE VOTRE \u00c9V\u00c9NEMENT<\/h2>\t\t\t\t<\/div>\n\t\t\t\t<\/div>\n\t\t\t\t<div class=\"elementor-element elementor-element-dfd4148 elementor-widget elementor-widget-text-editor\" data-id=\"dfd4148\" data-element_type=\"widget\" data-widget_type=\"text-editor.default\">\n\t\t\t\t<div class=\"elementor-widget-container\">\n\t\t\t\t\t\t\t\t\t<p>Notre d\u00e9partement agence \u00e9v\u00e9nementielle @Different Agency est la garantie d&rsquo;avoir un travail professionnel.<\/p>\t\t\t\t\t\t\t\t<\/div>\n\t\t\t\t<\/div>\n\t\t\t\t<div class=\"elementor-element elementor-element-edde07a elementor-widget elementor-widget-text-editor\" data-id=\"edde07a\" data-element_type=\"widget\" data-widget_type=\"text-editor.default\">\n\t\t\t\t<div class=\"elementor-widget-container\">\n\t\t\t\t\t\t\t\t\t<p>Nous avons 17 ans d\u2019exp\u00e9rience dans les \u00e9v\u00e9nements de lancement de produits, d\u00e9fil\u00e9s, d\u00eeners et cocktails, aftershows, journ\u00e9e presse \u2026<\/p>\t\t\t\t\t\t\t\t<\/div>\n\t\t\t\t<\/div>\n\t\t\t\t\t<\/div>\n\t\t\t\t<\/div>\n\t\t\t\t<\/div>\n\t\t\t\t<\/div>\n\t\t<div class=\"elementor-element elementor-element-804feeb e-con-full e-flex e-con e-child\" data-id=\"804feeb\" data-element_type=\"container\" data-settings=\"{&quot;background_background&quot;:&quot;classic&quot;}\">\n\t\t\t\t<div class=\"elementor-element elementor-element-ab15c98 elementor-widget elementor-widget-spacer\" data-id=\"ab15c98\" data-element_type=\"widget\" data-widget_type=\"spacer.default\">\n\t\t\t\t<div class=\"elementor-widget-container\">\n\t\t\t\t\t\t\t<div class=\"elementor-spacer\">\n\t\t\t<div class=\"elementor-spacer-inner\"><\/div>\n\t\t<\/div>\n\t\t\t\t\t\t<\/div>\n\t\t\t\t<\/div>\n\t\t\t\t<\/div>\n\t\t\t\t\t<\/div>\n\t\t\t\t<\/div>\n\t\t<div class=\"elementor-element elementor-element-22c4943 e-con-full e-flex e-con e-parent\" data-id=\"22c4943\" data-element_type=\"container\">\n\t\t<div class=\"elementor-element elementor-element-ca6f993 e-con-full e-flex e-con e-child\" data-id=\"ca6f993\" data-element_type=\"container\" data-settings=\"{&quot;background_background&quot;:&quot;classic&quot;}\">\n\t\t\t\t<div class=\"elementor-element elementor-element-6092e91 elementor-widget elementor-widget-spacer\" data-id=\"6092e91\" data-element_type=\"widget\" data-widget_type=\"spacer.default\">\n\t\t\t\t<div class=\"elementor-widget-container\">\n\t\t\t\t\t\t\t<div class=\"elementor-spacer\">\n\t\t\t<div class=\"elementor-spacer-inner\"><\/div>\n\t\t<\/div>\n\t\t\t\t\t\t<\/div>\n\t\t\t\t<\/div>\n\t\t\t\t<\/div>\n\t\t<div class=\"elementor-element elementor-element-51d01df e-con-full e-flex e-con e-child\" data-id=\"51d01df\" data-element_type=\"container\">\n\t\t<div class=\"elementor-element elementor-element-c43053e e-flex e-con-boxed e-con e-child\" data-id=\"c43053e\" data-element_type=\"container\">\n\t\t\t\t\t<div class=\"e-con-inner\">\n\t\t\t\t<div class=\"elementor-element elementor-element-f346fec elementor-widget elementor-widget-text-editor\" data-id=\"f346fec\" data-element_type=\"widget\" data-widget_type=\"text-editor.default\">\n\t\t\t\t<div class=\"elementor-widget-container\">\n\t\t\t\t\t\t\t\t\t<p><strong>Notre d\u00e9partement Entreprise<\/strong><\/p>\t\t\t\t\t\t\t\t<\/div>\n\t\t\t\t<\/div>\n\t\t\t\t<div class=\"elementor-element elementor-element-5b6684d elementor-widget elementor-widget-heading\" data-id=\"5b6684d\" data-element_type=\"widget\" data-widget_type=\"heading.default\">\n\t\t\t\t<div class=\"elementor-widget-container\">\n\t\t\t\t\t<h2 class=\"elementor-heading-title elementor-size-default\">Lieux Atypiques, une soci\u00e9t\u00e9 de rep\u00e9rage de lieux reconnue en France !<\/h2>\t\t\t\t<\/div>\n\t\t\t\t<\/div>\n\t\t\t\t<div class=\"elementor-element elementor-element-ac6bf20 elementor-widget elementor-widget-text-editor\" data-id=\"ac6bf20\" data-element_type=\"widget\" data-widget_type=\"text-editor.default\">\n\t\t\t\t<div class=\"elementor-widget-container\">\n\t\t\t\t\t\t\t\t\t<p><strong>Rent Showroom<\/strong> est la branche d\u00e9di\u00e9e de <strong>Lieux Atypiques<\/strong>, notre agence de rep\u00e9rage de lieux entreprise \u00e9tablie en 2008 et renomm\u00e9e pour la s\u00e9lection de lieux exceptionnels \u00e0 Paris pour des <strong>\u00e9v\u00e9nements d&rsquo;entreprise<\/strong> tels que des r\u00e9unions, des lancements de marques, des d\u00eeners et des cocktails, des f\u00eates d&rsquo;\u00e9t\u00e9\/hiver.<\/p>\t\t\t\t\t\t\t\t<\/div>\n\t\t\t\t<\/div>\n\t\t\t\t<div class=\"elementor-element elementor-element-fdf9021 elementor-widget elementor-widget-text-editor\" data-id=\"fdf9021\" data-element_type=\"widget\" data-widget_type=\"text-editor.default\">\n\t\t\t\t<div class=\"elementor-widget-container\">\n\t\t\t\t\t\t\t\t\t<p>Soutenue par l&rsquo;expertise, le r\u00e9seau et les standards \u00e9lev\u00e9s de Lieux Atypiques, notre \u00e9quipe offre un service pr\u00e9cis et sur mesure pour vous aider \u00e0 trouver l&rsquo;espace parfait pour exprimer l&rsquo;identit\u00e9 de votre marque.<\/p>\t\t\t\t\t\t\t\t<\/div>\n\t\t\t\t<\/div>\n\t\t\t\t\t<\/div>\n\t\t\t\t<\/div>\n\t\t\t\t<\/div>\n\t\t\t\t<\/div>\n\t\t\t\t<\/div>\n\t\t","protected":false},"excerpt":{"rendered":"<p>Organisation d&rsquo;\u00e9v\u00e9nement et location d\u2019espaces \u00e0 Paris Nos services associ\u00e9s Rent Showroom vous accompagne ! Pr\u00e9parer son prochain s\u00e9jour et \u00e9v\u00e9nement \u00e0 Paris n&rsquo;est pas chose ais\u00e9e lorsqu&rsquo;on est \u00e0 l&rsquo;\u00e9tranger ou en d\u00e9placement ! Obtenez un showroom ou un pop-up store cl\u00e9 en main gr\u00e2ce \u00e0 nos services complets. Rent Showroom vous propose une [&hellip;]<\/p>\n","protected":false},"author":2,"featured_media":0,"parent":0,"menu_order":0,"comment_status":"closed","ping_status":"closed","template":"template-homepage.php","meta":{"footnotes":""},"class_list":["post-8071","page","type-page","status-publish","hentry"],"yoast_head":"<!-- This site is optimized with the Yoast SEO plugin v25.6 - https:\/\/yoast.com\/wordpress\/plugins\/seo\/ -->\n<title>Nos services - Rent Showroom<\/title>\n<meta name=\"robots\" content=\"index, follow, max-snippet:-1, max-image-preview:large, max-video-preview:-1\" \/>\n<link rel=\"canonical\" href=\"https:\/\/rent-showroom.com\/fr\/nos-services\/\" \/>\n<meta property=\"og:locale\" content=\"fr_FR\" \/>\n<meta property=\"og:type\" content=\"article\" \/>\n<meta property=\"og:title\" content=\"Nos services - Rent Showroom\" \/>\n<meta property=\"og:description\" content=\"Organisation d&rsquo;\u00e9v\u00e9nement et location d\u2019espaces \u00e0 Paris Nos services associ\u00e9s Rent Showroom vous accompagne ! Pr\u00e9parer son prochain s\u00e9jour et \u00e9v\u00e9nement \u00e0 Paris n&rsquo;est pas chose ais\u00e9e lorsqu&rsquo;on est \u00e0 l&rsquo;\u00e9tranger ou en d\u00e9placement ! Obtenez un showroom ou un pop-up store cl\u00e9 en main gr\u00e2ce \u00e0 nos services complets. Rent Showroom vous propose une [&hellip;]\" \/>\n<meta property=\"og:url\" content=\"https:\/\/rent-showroom.com\/fr\/nos-services\/\" \/>\n<meta property=\"og:site_name\" content=\"Rent Showroom\" \/>\n<meta property=\"article:modified_time\" content=\"2025-08-01T10:18:08+00:00\" \/>\n<meta name=\"twitter:card\" content=\"summary_large_image\" \/>\n<meta name=\"twitter:label1\" content=\"Dur\u00e9e de lecture estim\u00e9e\" \/>\n\t<meta name=\"twitter:data1\" content=\"2 minutes\" \/>\n<script type=\"application\/ld+json\" class=\"yoast-schema-graph\">{\"@context\":\"https:\/\/schema.org\",\"@graph\":[{\"@type\":\"WebPage\",\"@id\":\"https:\/\/rent-showroom.com\/fr\/nos-services\/\",\"url\":\"https:\/\/rent-showroom.com\/fr\/nos-services\/\",\"name\":\"Nos services - Rent Showroom\",\"isPartOf\":{\"@id\":\"https:\/\/rent-showroom.com\/fr\/#website\"},\"datePublished\":\"2025-02-02T10:48:18+00:00\",\"dateModified\":\"2025-08-01T10:18:08+00:00\",\"breadcrumb\":{\"@id\":\"https:\/\/rent-showroom.com\/fr\/nos-services\/#breadcrumb\"},\"inLanguage\":\"fr-FR\",\"potentialAction\":[{\"@type\":\"ReadAction\",\"target\":[\"https:\/\/rent-showroom.com\/fr\/nos-services\/\"]}]},{\"@type\":\"BreadcrumbList\",\"@id\":\"https:\/\/rent-showroom.com\/fr\/nos-services\/#breadcrumb\",\"itemListElement\":[{\"@type\":\"ListItem\",\"position\":1,\"name\":\"Home\",\"item\":\"https:\/\/rent-showroom.com\/fr\/\"},{\"@type\":\"ListItem\",\"position\":2,\"name\":\"Nos services\"}]},{\"@type\":\"WebSite\",\"@id\":\"https:\/\/rent-showroom.com\/fr\/#website\",\"url\":\"https:\/\/rent-showroom.com\/fr\/\",\"name\":\"Rent Showroom\",\"description\":\"Showrooms and pop-up stores venues finder\",\"publisher\":{\"@id\":\"https:\/\/rent-showroom.com\/fr\/#organization\"},\"potentialAction\":[{\"@type\":\"SearchAction\",\"target\":{\"@type\":\"EntryPoint\",\"urlTemplate\":\"https:\/\/rent-showroom.com\/fr\/?s={search_term_string}\"},\"query-input\":{\"@type\":\"PropertyValueSpecification\",\"valueRequired\":true,\"valueName\":\"search_term_string\"}}],\"inLanguage\":\"fr-FR\"},{\"@type\":\"Organization\",\"@id\":\"https:\/\/rent-showroom.com\/fr\/#organization\",\"name\":\"Rent Showroom\",\"url\":\"https:\/\/rent-showroom.com\/fr\/\",\"logo\":{\"@type\":\"ImageObject\",\"inLanguage\":\"fr-FR\",\"@id\":\"https:\/\/rent-showroom.com\/fr\/#\/schema\/logo\/image\/\",\"url\":\"https:\/\/rent-showroom.com\/wp-content\/uploads\/2025\/07\/cropped-Logo_footer_RentShowroomGris.png\",\"contentUrl\":\"https:\/\/rent-showroom.com\/wp-content\/uploads\/2025\/07\/cropped-Logo_footer_RentShowroomGris.png\",\"width\":387,\"height\":258,\"caption\":\"Rent Showroom\"},\"image\":{\"@id\":\"https:\/\/rent-showroom.com\/fr\/#\/schema\/logo\/image\/\"}}]}<\/script>\n<!-- \/ Yoast SEO plugin. -->","yoast_head_json":{"title":"Nos services - Rent Showroom","robots":{"index":"index","follow":"follow","max-snippet":"max-snippet:-1","max-image-preview":"max-image-preview:large","max-video-preview":"max-video-preview:-1"},"canonical":"https:\/\/rent-showroom.com\/fr\/nos-services\/","og_locale":"fr_FR","og_type":"article","og_title":"Nos services - Rent Showroom","og_description":"Organisation d&rsquo;\u00e9v\u00e9nement et location d\u2019espaces \u00e0 Paris Nos services associ\u00e9s Rent Showroom vous accompagne ! Pr\u00e9parer son prochain s\u00e9jour et \u00e9v\u00e9nement \u00e0 Paris n&rsquo;est pas chose ais\u00e9e lorsqu&rsquo;on est \u00e0 l&rsquo;\u00e9tranger ou en d\u00e9placement ! Obtenez un showroom ou un pop-up store cl\u00e9 en main gr\u00e2ce \u00e0 nos services complets. Rent Showroom vous propose une [&hellip;]","og_url":"https:\/\/rent-showroom.com\/fr\/nos-services\/","og_site_name":"Rent Showroom","article_modified_time":"2025-08-01T10:18:08+00:00","twitter_card":"summary_large_image","twitter_misc":{"Dur\u00e9e de lecture estim\u00e9e":"2 minutes"},"schema":{"@context":"https:\/\/schema.org","@graph":[{"@type":"WebPage","@id":"https:\/\/rent-showroom.com\/fr\/nos-services\/","url":"https:\/\/rent-showroom.com\/fr\/nos-services\/","name":"Nos services - Rent Showroom","isPartOf":{"@id":"https:\/\/rent-showroom.com\/fr\/#website"},"datePublished":"2025-02-02T10:48:18+00:00","dateModified":"2025-08-01T10:18:08+00:00","breadcrumb":{"@id":"https:\/\/rent-showroom.com\/fr\/nos-services\/#breadcrumb"},"inLanguage":"fr-FR","potentialAction":[{"@type":"ReadAction","target":["https:\/\/rent-showroom.com\/fr\/nos-services\/"]}]},{"@type":"BreadcrumbList","@id":"https:\/\/rent-showroom.com\/fr\/nos-services\/#breadcrumb","itemListElement":[{"@type":"ListItem","position":1,"name":"Home","item":"https:\/\/rent-showroom.com\/fr\/"},{"@type":"ListItem","position":2,"name":"Nos services"}]},{"@type":"WebSite","@id":"https:\/\/rent-showroom.com\/fr\/#website","url":"https:\/\/rent-showroom.com\/fr\/","name":"Rent Showroom","description":"Showrooms and pop-up stores venues finder","publisher":{"@id":"https:\/\/rent-showroom.com\/fr\/#organization"},"potentialAction":[{"@type":"SearchAction","target":{"@type":"EntryPoint","urlTemplate":"https:\/\/rent-showroom.com\/fr\/?s={search_term_string}"},"query-input":{"@type":"PropertyValueSpecification","valueRequired":true,"valueName":"search_term_string"}}],"inLanguage":"fr-FR"},{"@type":"Organization","@id":"https:\/\/rent-showroom.com\/fr\/#organization","name":"Rent Showroom","url":"https:\/\/rent-showroom.com\/fr\/","logo":{"@type":"ImageObject","inLanguage":"fr-FR","@id":"https:\/\/rent-showroom.com\/fr\/#\/schema\/logo\/image\/","url":"https:\/\/rent-showroom.com\/wp-content\/uploads\/2025\/07\/cropped-Logo_footer_RentShowroomGris.png","contentUrl":"https:\/\/rent-showroom.com\/wp-content\/uploads\/2025\/07\/cropped-Logo_footer_RentShowroomGris.png","width":387,"height":258,"caption":"Rent Showroom"},"image":{"@id":"https:\/\/rent-showroom.com\/fr\/#\/schema\/logo\/image\/"}}]}},"_links":{"self":[{"href":"https:\/\/rent-showroom.com\/fr\/wp-json\/wp\/v2\/pages\/8071","targetHints":{"allow":["GET"]}}],"collection":[{"href":"https:\/\/rent-showroom.com\/fr\/wp-json\/wp\/v2\/pages"}],"about":[{"href":"https:\/\/rent-showroom.com\/fr\/wp-json\/wp\/v2\/types\/page"}],"author":[{"embeddable":true,"href":"https:\/\/rent-showroom.com\/fr\/wp-json\/wp\/v2\/users\/2"}],"replies":[{"embeddable":true,"href":"https:\/\/rent-showroom.com\/fr\/wp-json\/wp\/v2\/comments?post=8071"}],"version-history":[{"count":16,"href":"https:\/\/rent-showroom.com\/fr\/wp-json\/wp\/v2\/pages\/8071\/revisions"}],"predecessor-version":[{"id":9618,"href":"https:\/\/rent-showroom.com\/fr\/wp-json\/wp\/v2\/pages\/8071\/revisions\/9618"}],"wp:attachment":[{"href":"https:\/\/rent-showroom.com\/fr\/wp-json\/wp\/v2\/media?parent=8071"}],"curies":[{"name":"wp","href":"https:\/\/api.w.org\/{rel}","templated":true}]}}