{"id":8083,"date":"2023-05-12T07:43:28","date_gmt":"2023-05-12T05:43:28","guid":{"rendered":"https:\/\/rent-showroom.com\/contact\/"},"modified":"2025-07-29T17:01:11","modified_gmt":"2025-07-29T15:01:11","slug":"contact","status":"publish","type":"page","link":"https:\/\/rent-showroom.com\/fr\/contact\/","title":{"rendered":"Contact"},"content":{"rendered":"\t\t<div data-elementor-type=\"wp-page\" data-elementor-id=\"8083\" class=\"elementor elementor-8083\">\n\t\t\t\t<div class=\"elementor-element elementor-element-f70c28d e-flex e-con-boxed e-con e-parent\" data-id=\"f70c28d\" data-element_type=\"container\">\n\t\t\t\t\t<div class=\"e-con-inner\">\n\t\t<div class=\"elementor-element elementor-element-0c1cabf e-con-full e-flex e-con e-child\" data-id=\"0c1cabf\" data-element_type=\"container\">\n\t\t\t\t<div class=\"elementor-element elementor-element-9ba3ba1 elementor-widget elementor-widget-image\" data-id=\"9ba3ba1\" data-element_type=\"widget\" data-widget_type=\"image.default\">\n\t\t\t\t<div class=\"elementor-widget-container\">\n\t\t\t\t\t\t\t\t\t\t\t\t\t\t\t<img fetchpriority=\"high\" decoding=\"async\" width=\"1000\" height=\"1338\" src=\"https:\/\/rent-showroom.com\/wp-content\/uploads\/2025\/03\/Contact_3.jpg\" class=\"attachment-full size-full wp-image-7466\" alt=\"\" srcset=\"https:\/\/rent-showroom.com\/wp-content\/uploads\/2025\/03\/Contact_3.jpg 1000w, https:\/\/rent-showroom.com\/wp-content\/uploads\/2025\/03\/Contact_3-224x300.jpg 224w, https:\/\/rent-showroom.com\/wp-content\/uploads\/2025\/03\/Contact_3-765x1024.jpg 765w, https:\/\/rent-showroom.com\/wp-content\/uploads\/2025\/03\/Contact_3-768x1028.jpg 768w, https:\/\/rent-showroom.com\/wp-content\/uploads\/2025\/03\/Contact_3-600x803.jpg 600w, https:\/\/rent-showroom.com\/wp-content\/uploads\/2025\/03\/Contact_3-850x1137.jpg 850w\" sizes=\"(max-width: 1000px) 100vw, 1000px\" \/>\t\t\t\t\t\t\t\t\t\t\t\t\t\t\t<\/div>\n\t\t\t\t<\/div>\n\t\t\t\t<\/div>\n\t\t<div class=\"elementor-element elementor-element-f829840 e-con-full e-flex e-con e-child\" data-id=\"f829840\" data-element_type=\"container\">\n\t\t\t\t<div class=\"elementor-element elementor-element-20a1aa5 elementor-widget elementor-widget-heading\" data-id=\"20a1aa5\" data-element_type=\"widget\" data-widget_type=\"heading.default\">\n\t\t\t\t<div class=\"elementor-widget-container\">\n\t\t\t\t\t<h2 class=\"elementor-heading-title elementor-size-default\">Contactez-nous ! <\/h2>\t\t\t\t<\/div>\n\t\t\t\t<\/div>\n\t\t\t\t<div class=\"elementor-element elementor-element-570895f elementor-widget elementor-widget-text-editor\" data-id=\"570895f\" data-element_type=\"widget\" data-widget_type=\"text-editor.default\">\n\t\t\t\t<div class=\"elementor-widget-container\">\n\t\t\t\t\t\t\t\t\t<p><strong>Vous cherchez un showroom pour la Fashion Week de Paris\u00a0?<\/strong><br \/>Un lieu pour votre prochain \u00e9v\u00e9nement\u00a0?<br \/>Ou une boutique \u00e9ph\u00e9m\u00e8re pour votre nouveau produit\u00a0?<\/p><p>N&rsquo;h\u00e9sitez pas \u00e0 contacter notre \u00e9quipe de professionnels.<\/p><p>Nous ferons de notre mieux pour <strong>vous r\u00e9pondre sous 24\u00a0heures<\/strong> et trouver l&rsquo;espace qu&rsquo;il vous faut\u00a0!<\/p>\t\t\t\t\t\t\t\t<\/div>\n\t\t\t\t<\/div>\n\t\t\t\t<div class=\"elementor-element elementor-element-8c04cf8 elementor-widget elementor-widget-html\" data-id=\"8c04cf8\" data-element_type=\"widget\" data-widget_type=\"html.default\">\n\t\t\t\t<div class=\"elementor-widget-container\">\n\t\t\t\t\t<script src=\"https:\/\/lieux-atypiques.lab-event.com\/website\/event-form.js?time=1753771482&form_id=22&type=1\" type=\"text\/javascript\"><\/script>\t\t\t\t<\/div>\n\t\t\t\t<\/div>\n\t\t\t\t<\/div>\n\t\t\t\t\t<\/div>\n\t\t\t\t<\/div>\n\t\t\t\t<\/div>\n\t\t","protected":false},"excerpt":{"rendered":"<p>Contactez-nous ! Vous cherchez un showroom pour la Fashion Week de Paris\u00a0?Un lieu pour votre prochain \u00e9v\u00e9nement\u00a0?Ou une boutique \u00e9ph\u00e9m\u00e8re pour votre nouveau produit\u00a0? N&rsquo;h\u00e9sitez pas \u00e0 contacter notre \u00e9quipe de professionnels. Nous ferons de notre mieux pour vous r\u00e9pondre sous 24\u00a0heures et trouver l&rsquo;espace qu&rsquo;il vous faut\u00a0!<\/p>\n","protected":false},"author":2,"featured_media":0,"parent":0,"menu_order":0,"comment_status":"closed","ping_status":"closed","template":"template-homepage.php","meta":{"footnotes":""},"class_list":["post-8083","page","type-page","status-publish","hentry"],"yoast_head":"<!-- This site is optimized with the Yoast SEO plugin v25.6 - https:\/\/yoast.com\/wordpress\/plugins\/seo\/ -->\n<title>Contact - Rent Showroom<\/title>\n<meta name=\"robots\" content=\"index, follow, max-snippet:-1, max-image-preview:large, max-video-preview:-1\" \/>\n<link rel=\"canonical\" href=\"https:\/\/rent-showroom.com\/fr\/contact\/\" \/>\n<meta property=\"og:locale\" content=\"fr_FR\" \/>\n<meta property=\"og:type\" content=\"article\" \/>\n<meta property=\"og:title\" content=\"Contact - Rent Showroom\" \/>\n<meta property=\"og:description\" content=\"Contactez-nous ! Vous cherchez un showroom pour la Fashion Week de Paris\u00a0?Un lieu pour votre prochain \u00e9v\u00e9nement\u00a0?Ou une boutique \u00e9ph\u00e9m\u00e8re pour votre nouveau produit\u00a0? N&rsquo;h\u00e9sitez pas \u00e0 contacter notre \u00e9quipe de professionnels. Nous ferons de notre mieux pour vous r\u00e9pondre sous 24\u00a0heures et trouver l&rsquo;espace qu&rsquo;il vous faut\u00a0!\" \/>\n<meta property=\"og:url\" content=\"https:\/\/rent-showroom.com\/fr\/contact\/\" \/>\n<meta property=\"og:site_name\" content=\"Rent Showroom\" \/>\n<meta property=\"article:modified_time\" content=\"2025-07-29T15:01:11+00:00\" \/>\n<meta property=\"og:image\" content=\"https:\/\/rent-showroom.com\/wp-content\/uploads\/2025\/03\/Contact_3.jpg\" \/>\n<meta name=\"twitter:card\" content=\"summary_large_image\" \/>\n<script type=\"application\/ld+json\" class=\"yoast-schema-graph\">{\"@context\":\"https:\/\/schema.org\",\"@graph\":[{\"@type\":\"WebPage\",\"@id\":\"https:\/\/rent-showroom.com\/fr\/contact\/\",\"url\":\"https:\/\/rent-showroom.com\/fr\/contact\/\",\"name\":\"Contact - Rent Showroom\",\"isPartOf\":{\"@id\":\"https:\/\/rent-showroom.com\/fr\/#website\"},\"primaryImageOfPage\":{\"@id\":\"https:\/\/rent-showroom.com\/fr\/contact\/#primaryimage\"},\"image\":{\"@id\":\"https:\/\/rent-showroom.com\/fr\/contact\/#primaryimage\"},\"thumbnailUrl\":\"https:\/\/rent-showroom.com\/wp-content\/uploads\/2025\/03\/Contact_3.jpg\",\"datePublished\":\"2023-05-12T05:43:28+00:00\",\"dateModified\":\"2025-07-29T15:01:11+00:00\",\"breadcrumb\":{\"@id\":\"https:\/\/rent-showroom.com\/fr\/contact\/#breadcrumb\"},\"inLanguage\":\"fr-FR\",\"potentialAction\":[{\"@type\":\"ReadAction\",\"target\":[\"https:\/\/rent-showroom.com\/fr\/contact\/\"]}]},{\"@type\":\"ImageObject\",\"inLanguage\":\"fr-FR\",\"@id\":\"https:\/\/rent-showroom.com\/fr\/contact\/#primaryimage\",\"url\":\"https:\/\/rent-showroom.com\/wp-content\/uploads\/2025\/03\/Contact_3.jpg\",\"contentUrl\":\"https:\/\/rent-showroom.com\/wp-content\/uploads\/2025\/03\/Contact_3.jpg\"},{\"@type\":\"BreadcrumbList\",\"@id\":\"https:\/\/rent-showroom.com\/fr\/contact\/#breadcrumb\",\"itemListElement\":[{\"@type\":\"ListItem\",\"position\":1,\"name\":\"Home\",\"item\":\"https:\/\/rent-showroom.com\/fr\/\"},{\"@type\":\"ListItem\",\"position\":2,\"name\":\"Contact\"}]},{\"@type\":\"WebSite\",\"@id\":\"https:\/\/rent-showroom.com\/fr\/#website\",\"url\":\"https:\/\/rent-showroom.com\/fr\/\",\"name\":\"Rent Showroom\",\"description\":\"Showrooms and pop-up stores venues finder\",\"publisher\":{\"@id\":\"https:\/\/rent-showroom.com\/fr\/#organization\"},\"potentialAction\":[{\"@type\":\"SearchAction\",\"target\":{\"@type\":\"EntryPoint\",\"urlTemplate\":\"https:\/\/rent-showroom.com\/fr\/?s={search_term_string}\"},\"query-input\":{\"@type\":\"PropertyValueSpecification\",\"valueRequired\":true,\"valueName\":\"search_term_string\"}}],\"inLanguage\":\"fr-FR\"},{\"@type\":\"Organization\",\"@id\":\"https:\/\/rent-showroom.com\/fr\/#organization\",\"name\":\"Rent Showroom\",\"url\":\"https:\/\/rent-showroom.com\/fr\/\",\"logo\":{\"@type\":\"ImageObject\",\"inLanguage\":\"fr-FR\",\"@id\":\"https:\/\/rent-showroom.com\/fr\/#\/schema\/logo\/image\/\",\"url\":\"https:\/\/rent-showroom.com\/wp-content\/uploads\/2025\/07\/cropped-Logo_footer_RentShowroomGris.png\",\"contentUrl\":\"https:\/\/rent-showroom.com\/wp-content\/uploads\/2025\/07\/cropped-Logo_footer_RentShowroomGris.png\",\"width\":387,\"height\":258,\"caption\":\"Rent Showroom\"},\"image\":{\"@id\":\"https:\/\/rent-showroom.com\/fr\/#\/schema\/logo\/image\/\"}}]}<\/script>\n<!-- \/ Yoast SEO plugin. -->","yoast_head_json":{"title":"Contact - Rent Showroom","robots":{"index":"index","follow":"follow","max-snippet":"max-snippet:-1","max-image-preview":"max-image-preview:large","max-video-preview":"max-video-preview:-1"},"canonical":"https:\/\/rent-showroom.com\/fr\/contact\/","og_locale":"fr_FR","og_type":"article","og_title":"Contact - Rent Showroom","og_description":"Contactez-nous ! Vous cherchez un showroom pour la Fashion Week de Paris\u00a0?Un lieu pour votre prochain \u00e9v\u00e9nement\u00a0?Ou une boutique \u00e9ph\u00e9m\u00e8re pour votre nouveau produit\u00a0? N&rsquo;h\u00e9sitez pas \u00e0 contacter notre \u00e9quipe de professionnels. Nous ferons de notre mieux pour vous r\u00e9pondre sous 24\u00a0heures et trouver l&rsquo;espace qu&rsquo;il vous faut\u00a0!","og_url":"https:\/\/rent-showroom.com\/fr\/contact\/","og_site_name":"Rent Showroom","article_modified_time":"2025-07-29T15:01:11+00:00","og_image":[{"url":"https:\/\/rent-showroom.com\/wp-content\/uploads\/2025\/03\/Contact_3.jpg","type":"","width":"","height":""}],"twitter_card":"summary_large_image","schema":{"@context":"https:\/\/schema.org","@graph":[{"@type":"WebPage","@id":"https:\/\/rent-showroom.com\/fr\/contact\/","url":"https:\/\/rent-showroom.com\/fr\/contact\/","name":"Contact - Rent Showroom","isPartOf":{"@id":"https:\/\/rent-showroom.com\/fr\/#website"},"primaryImageOfPage":{"@id":"https:\/\/rent-showroom.com\/fr\/contact\/#primaryimage"},"image":{"@id":"https:\/\/rent-showroom.com\/fr\/contact\/#primaryimage"},"thumbnailUrl":"https:\/\/rent-showroom.com\/wp-content\/uploads\/2025\/03\/Contact_3.jpg","datePublished":"2023-05-12T05:43:28+00:00","dateModified":"2025-07-29T15:01:11+00:00","breadcrumb":{"@id":"https:\/\/rent-showroom.com\/fr\/contact\/#breadcrumb"},"inLanguage":"fr-FR","potentialAction":[{"@type":"ReadAction","target":["https:\/\/rent-showroom.com\/fr\/contact\/"]}]},{"@type":"ImageObject","inLanguage":"fr-FR","@id":"https:\/\/rent-showroom.com\/fr\/contact\/#primaryimage","url":"https:\/\/rent-showroom.com\/wp-content\/uploads\/2025\/03\/Contact_3.jpg","contentUrl":"https:\/\/rent-showroom.com\/wp-content\/uploads\/2025\/03\/Contact_3.jpg"},{"@type":"BreadcrumbList","@id":"https:\/\/rent-showroom.com\/fr\/contact\/#breadcrumb","itemListElement":[{"@type":"ListItem","position":1,"name":"Home","item":"https:\/\/rent-showroom.com\/fr\/"},{"@type":"ListItem","position":2,"name":"Contact"}]},{"@type":"WebSite","@id":"https:\/\/rent-showroom.com\/fr\/#website","url":"https:\/\/rent-showroom.com\/fr\/","name":"Rent Showroom","description":"Showrooms and pop-up stores venues finder","publisher":{"@id":"https:\/\/rent-showroom.com\/fr\/#organization"},"potentialAction":[{"@type":"SearchAction","target":{"@type":"EntryPoint","urlTemplate":"https:\/\/rent-showroom.com\/fr\/?s={search_term_string}"},"query-input":{"@type":"PropertyValueSpecification","valueRequired":true,"valueName":"search_term_string"}}],"inLanguage":"fr-FR"},{"@type":"Organization","@id":"https:\/\/rent-showroom.com\/fr\/#organization","name":"Rent Showroom","url":"https:\/\/rent-showroom.com\/fr\/","logo":{"@type":"ImageObject","inLanguage":"fr-FR","@id":"https:\/\/rent-showroom.com\/fr\/#\/schema\/logo\/image\/","url":"https:\/\/rent-showroom.com\/wp-content\/uploads\/2025\/07\/cropped-Logo_footer_RentShowroomGris.png","contentUrl":"https:\/\/rent-showroom.com\/wp-content\/uploads\/2025\/07\/cropped-Logo_footer_RentShowroomGris.png","width":387,"height":258,"caption":"Rent Showroom"},"image":{"@id":"https:\/\/rent-showroom.com\/fr\/#\/schema\/logo\/image\/"}}]}},"_links":{"self":[{"href":"https:\/\/rent-showroom.com\/fr\/wp-json\/wp\/v2\/pages\/8083","targetHints":{"allow":["GET"]}}],"collection":[{"href":"https:\/\/rent-showroom.com\/fr\/wp-json\/wp\/v2\/pages"}],"about":[{"href":"https:\/\/rent-showroom.com\/fr\/wp-json\/wp\/v2\/types\/page"}],"author":[{"embeddable":true,"href":"https:\/\/rent-showroom.com\/fr\/wp-json\/wp\/v2\/users\/2"}],"replies":[{"embeddable":true,"href":"https:\/\/rent-showroom.com\/fr\/wp-json\/wp\/v2\/comments?post=8083"}],"version-history":[{"count":7,"href":"https:\/\/rent-showroom.com\/fr\/wp-json\/wp\/v2\/pages\/8083\/revisions"}],"predecessor-version":[{"id":9514,"href":"https:\/\/rent-showroom.com\/fr\/wp-json\/wp\/v2\/pages\/8083\/revisions\/9514"}],"wp:attachment":[{"href":"https:\/\/rent-showroom.com\/fr\/wp-json\/wp\/v2\/media?parent=8083"}],"curies":[{"name":"wp","href":"https:\/\/api.w.org\/{rel}","templated":true}]}}