{"id":8604,"date":"2025-02-20T20:05:25","date_gmt":"2025-02-20T19:05:25","guid":{"rendered":"https:\/\/rent-showroom.com\/owners\/"},"modified":"2025-07-28T13:07:59","modified_gmt":"2025-07-28T11:07:59","slug":"proprietaires","status":"publish","type":"page","link":"https:\/\/rent-showroom.com\/fr\/proprietaires\/","title":{"rendered":"Propri\u00e9taires"},"content":{"rendered":"\t\t<div data-elementor-type=\"wp-page\" data-elementor-id=\"8604\" class=\"elementor elementor-8604\">\n\t\t\t\t<div class=\"elementor-element elementor-element-de48112 e-con-full e-flex e-con e-parent\" data-id=\"de48112\" data-element_type=\"container\" id=\"#histoire\">\n\t\t<div class=\"elementor-element elementor-element-fe8d7d3 e-con-full e-flex e-con e-child\" data-id=\"fe8d7d3\" data-element_type=\"container\" data-settings=\"{&quot;background_background&quot;:&quot;classic&quot;}\">\n\t\t\t\t<div class=\"elementor-element elementor-element-3ec9865 elementor-widget elementor-widget-image\" data-id=\"3ec9865\" data-element_type=\"widget\" data-widget_type=\"image.default\">\n\t\t\t\t<div class=\"elementor-widget-container\">\n\t\t\t\t\t\t\t\t\t\t\t\t\t\t\t<img fetchpriority=\"high\" decoding=\"async\" width=\"1000\" height=\"805\" src=\"https:\/\/rent-showroom.com\/wp-content\/uploads\/2025\/03\/Owners.jpg\" class=\"attachment-full size-full wp-image-7446\" alt=\"\" srcset=\"https:\/\/rent-showroom.com\/wp-content\/uploads\/2025\/03\/Owners.jpg 1000w, https:\/\/rent-showroom.com\/wp-content\/uploads\/2025\/03\/Owners-300x242.jpg 300w, https:\/\/rent-showroom.com\/wp-content\/uploads\/2025\/03\/Owners-768x618.jpg 768w, https:\/\/rent-showroom.com\/wp-content\/uploads\/2025\/03\/Owners-600x483.jpg 600w, https:\/\/rent-showroom.com\/wp-content\/uploads\/2025\/03\/Owners-850x684.jpg 850w\" sizes=\"(max-width: 1000px) 100vw, 1000px\" \/>\t\t\t\t\t\t\t\t\t\t\t\t\t\t\t<\/div>\n\t\t\t\t<\/div>\n\t\t\t\t<\/div>\n\t\t<div class=\"elementor-element elementor-element-dbf18bf e-con-full e-flex e-con e-child\" data-id=\"dbf18bf\" data-element_type=\"container\">\n\t\t<div class=\"elementor-element elementor-element-d85c807 e-flex e-con-boxed e-con e-child\" data-id=\"d85c807\" data-element_type=\"container\" id=\"histoire\">\n\t\t\t\t\t<div class=\"e-con-inner\">\n\t\t\t\t<div class=\"elementor-element elementor-element-cb63c72 elementor-widget elementor-widget-text-editor\" data-id=\"cb63c72\" data-element_type=\"widget\" id=\"environnementale\" data-widget_type=\"text-editor.default\">\n\t\t\t\t<div class=\"elementor-widget-container\">\n\t\t\t\t\t\t\t\t\t<p><strong>Une association Gagnante \/ Gagnante<\/strong><\/p>\t\t\t\t\t\t\t\t<\/div>\n\t\t\t\t<\/div>\n\t\t\t\t<div class=\"elementor-element elementor-element-0dbafc1 elementor-widget elementor-widget-heading\" data-id=\"0dbafc1\" data-element_type=\"widget\" data-widget_type=\"heading.default\">\n\t\t\t\t<div class=\"elementor-widget-container\">\n\t\t\t\t\t<h2 class=\"elementor-heading-title elementor-size-default\">Propri\u00e9taires, travaillons ensemble !<\/h2>\t\t\t\t<\/div>\n\t\t\t\t<\/div>\n\t\t\t\t<div class=\"elementor-element elementor-element-bd19758 elementor-widget elementor-widget-text-editor\" data-id=\"bd19758\" data-element_type=\"widget\" data-widget_type=\"text-editor.default\">\n\t\t\t\t<div class=\"elementor-widget-container\">\n\t\t\t\t\t\t\t\t\t<p><strong>Avez-vous un lieu, un showroom, un magasin \u00e9ph\u00e9m\u00e8re \u00e0 Paris ?<br \/><\/strong>Que pensez-vous d&rsquo;accueillir un \u00e9v\u00e9nement lors de la Fashion Week ou un magasin \u00e9ph\u00e9m\u00e8re ?<\/p>\t\t\t\t\t\t\t\t<\/div>\n\t\t\t\t<\/div>\n\t\t\t\t<div class=\"elementor-element elementor-element-adb4534 elementor-widget elementor-widget-text-editor\" data-id=\"adb4534\" data-element_type=\"widget\" data-widget_type=\"text-editor.default\">\n\t\t\t\t<div class=\"elementor-widget-container\">\n\t\t\t\t\t\t\t\t\t<p>Nous travaillons des lieux de 100 \u00e0 8000 m\u00b2 dans tous les quartiers de Paris :<\/p>\t\t\t\t\t\t\t\t<\/div>\n\t\t\t\t<\/div>\n\t\t<div class=\"elementor-element elementor-element-145f844 e-grid e-con-full e-con e-child\" data-id=\"145f844\" data-element_type=\"container\">\n\t\t\t\t<div class=\"elementor-element elementor-element-e1dc14b elementor-widget elementor-widget-text-editor\" data-id=\"e1dc14b\" data-element_type=\"widget\" data-widget_type=\"text-editor.default\">\n\t\t\t\t<div class=\"elementor-widget-container\">\n\t\t\t\t\t\t\t\t\t<p><strong>Le Marais :<br \/><\/strong>Haut Marais, place des Vosges, rue de Turenne, rue Vieille du Temple, rue Charlot, Paris 3<sup>e<\/sup><\/p>\t\t\t\t\t\t\t\t<\/div>\n\t\t\t\t<\/div>\n\t\t\t\t<div class=\"elementor-element elementor-element-95053e3 elementor-widget elementor-widget-text-editor\" data-id=\"95053e3\" data-element_type=\"widget\" data-widget_type=\"text-editor.default\">\n\t\t\t\t<div class=\"elementor-widget-container\">\n\t\t\t\t\t\t\t\t\t<strong>8<sup>e<\/sup> arrondissement et le triangle d\u2019or :\n<\/strong>\u00c9toile, Champs \u00c9lys\u00e9es, Faubourg Saint Honor\u00e9, avenue Hoche, rue Royale, avenue Marceau, Trocadero, Paris Ouest, Paris 8<sup>e<\/sup>, Paris 16<sup>e<\/sup>\t\t\t\t\t\t\t\t<\/div>\n\t\t\t\t<\/div>\n\t\t\t\t<div class=\"elementor-element elementor-element-534a0d0 elementor-widget elementor-widget-text-editor\" data-id=\"534a0d0\" data-element_type=\"widget\" data-widget_type=\"text-editor.default\">\n\t\t\t\t<div class=\"elementor-widget-container\">\n\t\t\t\t\t\t\t\t\t<p><strong>Louvre ; Rivoli ; Op\u00e9ra : <\/strong><br \/>rue de Richelieu, rue Vivienne, place des Victoires, Paris 1<sup>er<\/sup>, Paris 9<sup>e<\/sup>, Les Halles, Rive Droite, rue du Mail<\/p>\t\t\t\t\t\t\t\t<\/div>\n\t\t\t\t<\/div>\n\t\t\t\t<div class=\"elementor-element elementor-element-5f51689 elementor-widget elementor-widget-text-editor\" data-id=\"5f51689\" data-element_type=\"widget\" data-widget_type=\"text-editor.default\">\n\t\t\t\t<div class=\"elementor-widget-container\">\n\t\t\t\t\t\t\t\t\t<p><strong>Rive Gauche : <\/strong><br \/>boulevard Saint Germain, rue de l&rsquo;Universit\u00e9, Tour Maubourg, rue Saint Dominique, Paris 6<sup>e<\/sup>, Paris 7<sup>e<\/sup><\/p>\t\t\t\t\t\t\t\t<\/div>\n\t\t\t\t<\/div>\n\t\t\t\t<div class=\"elementor-element elementor-element-6aeb311 elementor-widget elementor-widget-text-editor\" data-id=\"6aeb311\" data-element_type=\"widget\" data-widget_type=\"text-editor.default\">\n\t\t\t\t<div class=\"elementor-widget-container\">\n\t\t\t\t\t\t\t\t\t<strong>Sentier :\n<\/strong>Paris 2<sup>e<\/sup>, \u00c9tienne Marcel, R\u00e9aumur, rue d&rsquo;Uz\u00e8s\t\t\t\t\t\t\t\t<\/div>\n\t\t\t\t<\/div>\n\t\t\t\t<\/div>\n\t\t\t\t<div class=\"elementor-element elementor-element-8af1113 elementor-widget elementor-widget-text-editor\" data-id=\"8af1113\" data-element_type=\"widget\" data-widget_type=\"text-editor.default\">\n\t\t\t\t<div class=\"elementor-widget-container\">\n\t\t\t\t\t\t\t\t\t<p>Nous travaillons dans tous les types d&rsquo;espaces :<\/p><p>Appartement haussmannien, H\u00f4tel Particulier, Galerie, Boutiques \u00e9ph\u00e9m\u00e8res, Espace industriel, Espace temporaire, Loft \u2026<\/p><p>Contactez-nous pour voir comment nous pouvons facilement travailler ensemble !<\/p>\t\t\t\t\t\t\t\t<\/div>\n\t\t\t\t<\/div>\n\t\t\t\t<div class=\"elementor-element elementor-element-534fccf elementor-button-default elementor-widget elementor-widget-button\" data-id=\"534fccf\" data-element_type=\"widget\" data-widget_type=\"button.default\">\n\t\t\t\t<div class=\"elementor-widget-container\">\n\t\t\t\t\t\t\t\t\t<div class=\"elementor-button-wrapper\">\n\t\t\t\t\t<a class=\"elementor-button elementor-button-link elementor-size-sm\" href=\"mailto:sophiepoinsot@lieuxatypiques.com\">\n\t\t\t\t\t\t<span class=\"elementor-button-content-wrapper\">\n\t\t\t\t\t\t\t\t\t<span class=\"elementor-button-text\">Envoyer une demande<\/span>\n\t\t\t\t\t<\/span>\n\t\t\t\t\t<\/a>\n\t\t\t\t<\/div>\n\t\t\t\t\t\t\t\t<\/div>\n\t\t\t\t<\/div>\n\t\t\t\t\t<\/div>\n\t\t\t\t<\/div>\n\t\t\t\t<\/div>\n\t\t\t\t<\/div>\n\t\t\t\t<\/div>\n\t\t","protected":false},"excerpt":{"rendered":"<p>Une association Gagnante \/ Gagnante Propri\u00e9taires, travaillons ensemble ! Avez-vous un lieu, un showroom, un magasin \u00e9ph\u00e9m\u00e8re \u00e0 Paris ?Que pensez-vous d&rsquo;accueillir un \u00e9v\u00e9nement lors de la Fashion Week ou un magasin \u00e9ph\u00e9m\u00e8re ? Nous travaillons des lieux de 100 \u00e0 8000 m\u00b2 dans tous les quartiers de Paris : Le Marais :Haut Marais, place [&hellip;]<\/p>\n","protected":false},"author":2,"featured_media":0,"parent":0,"menu_order":0,"comment_status":"closed","ping_status":"closed","template":"template-homepage.php","meta":{"footnotes":""},"class_list":["post-8604","page","type-page","status-publish","hentry"],"yoast_head":"<!-- This site is optimized with the Yoast SEO plugin v25.6 - https:\/\/yoast.com\/wordpress\/plugins\/seo\/ -->\n<title>Propri\u00e9taires - Rent Showroom<\/title>\n<meta name=\"robots\" content=\"index, follow, max-snippet:-1, max-image-preview:large, max-video-preview:-1\" \/>\n<link rel=\"canonical\" href=\"https:\/\/rent-showroom.com\/fr\/proprietaires\/\" \/>\n<meta property=\"og:locale\" content=\"fr_FR\" \/>\n<meta property=\"og:type\" content=\"article\" \/>\n<meta property=\"og:title\" content=\"Propri\u00e9taires - Rent Showroom\" \/>\n<meta property=\"og:description\" content=\"Une association Gagnante \/ Gagnante Propri\u00e9taires, travaillons ensemble ! Avez-vous un lieu, un showroom, un magasin \u00e9ph\u00e9m\u00e8re \u00e0 Paris ?Que pensez-vous d&rsquo;accueillir un \u00e9v\u00e9nement lors de la Fashion Week ou un magasin \u00e9ph\u00e9m\u00e8re ? Nous travaillons des lieux de 100 \u00e0 8000 m\u00b2 dans tous les quartiers de Paris : Le Marais :Haut Marais, place [&hellip;]\" \/>\n<meta property=\"og:url\" content=\"https:\/\/rent-showroom.com\/fr\/proprietaires\/\" \/>\n<meta property=\"og:site_name\" content=\"Rent Showroom\" \/>\n<meta property=\"article:modified_time\" content=\"2025-07-28T11:07:59+00:00\" \/>\n<meta property=\"og:image\" content=\"https:\/\/rent-showroom.com\/wp-content\/uploads\/2025\/03\/Owners.jpg\" \/>\n<meta name=\"twitter:card\" content=\"summary_large_image\" \/>\n<meta name=\"twitter:label1\" content=\"Dur\u00e9e de lecture estim\u00e9e\" \/>\n\t<meta name=\"twitter:data1\" content=\"1 minute\" \/>\n<script type=\"application\/ld+json\" class=\"yoast-schema-graph\">{\"@context\":\"https:\/\/schema.org\",\"@graph\":[{\"@type\":\"WebPage\",\"@id\":\"https:\/\/rent-showroom.com\/fr\/proprietaires\/\",\"url\":\"https:\/\/rent-showroom.com\/fr\/proprietaires\/\",\"name\":\"Propri\u00e9taires - Rent Showroom\",\"isPartOf\":{\"@id\":\"https:\/\/rent-showroom.com\/fr\/#website\"},\"primaryImageOfPage\":{\"@id\":\"https:\/\/rent-showroom.com\/fr\/proprietaires\/#primaryimage\"},\"image\":{\"@id\":\"https:\/\/rent-showroom.com\/fr\/proprietaires\/#primaryimage\"},\"thumbnailUrl\":\"https:\/\/rent-showroom.com\/wp-content\/uploads\/2025\/03\/Owners.jpg\",\"datePublished\":\"2025-02-20T19:05:25+00:00\",\"dateModified\":\"2025-07-28T11:07:59+00:00\",\"breadcrumb\":{\"@id\":\"https:\/\/rent-showroom.com\/fr\/proprietaires\/#breadcrumb\"},\"inLanguage\":\"fr-FR\",\"potentialAction\":[{\"@type\":\"ReadAction\",\"target\":[\"https:\/\/rent-showroom.com\/fr\/proprietaires\/\"]}]},{\"@type\":\"ImageObject\",\"inLanguage\":\"fr-FR\",\"@id\":\"https:\/\/rent-showroom.com\/fr\/proprietaires\/#primaryimage\",\"url\":\"https:\/\/rent-showroom.com\/wp-content\/uploads\/2025\/03\/Owners.jpg\",\"contentUrl\":\"https:\/\/rent-showroom.com\/wp-content\/uploads\/2025\/03\/Owners.jpg\"},{\"@type\":\"BreadcrumbList\",\"@id\":\"https:\/\/rent-showroom.com\/fr\/proprietaires\/#breadcrumb\",\"itemListElement\":[{\"@type\":\"ListItem\",\"position\":1,\"name\":\"Home\",\"item\":\"https:\/\/rent-showroom.com\/fr\/\"},{\"@type\":\"ListItem\",\"position\":2,\"name\":\"Propri\u00e9taires\"}]},{\"@type\":\"WebSite\",\"@id\":\"https:\/\/rent-showroom.com\/fr\/#website\",\"url\":\"https:\/\/rent-showroom.com\/fr\/\",\"name\":\"Rent Showroom\",\"description\":\"Showrooms and pop-up stores venues finder\",\"publisher\":{\"@id\":\"https:\/\/rent-showroom.com\/fr\/#organization\"},\"potentialAction\":[{\"@type\":\"SearchAction\",\"target\":{\"@type\":\"EntryPoint\",\"urlTemplate\":\"https:\/\/rent-showroom.com\/fr\/?s={search_term_string}\"},\"query-input\":{\"@type\":\"PropertyValueSpecification\",\"valueRequired\":true,\"valueName\":\"search_term_string\"}}],\"inLanguage\":\"fr-FR\"},{\"@type\":\"Organization\",\"@id\":\"https:\/\/rent-showroom.com\/fr\/#organization\",\"name\":\"Rent Showroom\",\"url\":\"https:\/\/rent-showroom.com\/fr\/\",\"logo\":{\"@type\":\"ImageObject\",\"inLanguage\":\"fr-FR\",\"@id\":\"https:\/\/rent-showroom.com\/fr\/#\/schema\/logo\/image\/\",\"url\":\"https:\/\/rent-showroom.com\/wp-content\/uploads\/2025\/07\/cropped-Logo_footer_RentShowroomGris.png\",\"contentUrl\":\"https:\/\/rent-showroom.com\/wp-content\/uploads\/2025\/07\/cropped-Logo_footer_RentShowroomGris.png\",\"width\":387,\"height\":258,\"caption\":\"Rent Showroom\"},\"image\":{\"@id\":\"https:\/\/rent-showroom.com\/fr\/#\/schema\/logo\/image\/\"}}]}<\/script>\n<!-- \/ Yoast SEO plugin. -->","yoast_head_json":{"title":"Propri\u00e9taires - Rent Showroom","robots":{"index":"index","follow":"follow","max-snippet":"max-snippet:-1","max-image-preview":"max-image-preview:large","max-video-preview":"max-video-preview:-1"},"canonical":"https:\/\/rent-showroom.com\/fr\/proprietaires\/","og_locale":"fr_FR","og_type":"article","og_title":"Propri\u00e9taires - Rent Showroom","og_description":"Une association Gagnante \/ Gagnante Propri\u00e9taires, travaillons ensemble ! Avez-vous un lieu, un showroom, un magasin \u00e9ph\u00e9m\u00e8re \u00e0 Paris ?Que pensez-vous d&rsquo;accueillir un \u00e9v\u00e9nement lors de la Fashion Week ou un magasin \u00e9ph\u00e9m\u00e8re ? Nous travaillons des lieux de 100 \u00e0 8000 m\u00b2 dans tous les quartiers de Paris : Le Marais :Haut Marais, place [&hellip;]","og_url":"https:\/\/rent-showroom.com\/fr\/proprietaires\/","og_site_name":"Rent Showroom","article_modified_time":"2025-07-28T11:07:59+00:00","og_image":[{"url":"https:\/\/rent-showroom.com\/wp-content\/uploads\/2025\/03\/Owners.jpg","type":"","width":"","height":""}],"twitter_card":"summary_large_image","twitter_misc":{"Dur\u00e9e de lecture estim\u00e9e":"1 minute"},"schema":{"@context":"https:\/\/schema.org","@graph":[{"@type":"WebPage","@id":"https:\/\/rent-showroom.com\/fr\/proprietaires\/","url":"https:\/\/rent-showroom.com\/fr\/proprietaires\/","name":"Propri\u00e9taires - Rent Showroom","isPartOf":{"@id":"https:\/\/rent-showroom.com\/fr\/#website"},"primaryImageOfPage":{"@id":"https:\/\/rent-showroom.com\/fr\/proprietaires\/#primaryimage"},"image":{"@id":"https:\/\/rent-showroom.com\/fr\/proprietaires\/#primaryimage"},"thumbnailUrl":"https:\/\/rent-showroom.com\/wp-content\/uploads\/2025\/03\/Owners.jpg","datePublished":"2025-02-20T19:05:25+00:00","dateModified":"2025-07-28T11:07:59+00:00","breadcrumb":{"@id":"https:\/\/rent-showroom.com\/fr\/proprietaires\/#breadcrumb"},"inLanguage":"fr-FR","potentialAction":[{"@type":"ReadAction","target":["https:\/\/rent-showroom.com\/fr\/proprietaires\/"]}]},{"@type":"ImageObject","inLanguage":"fr-FR","@id":"https:\/\/rent-showroom.com\/fr\/proprietaires\/#primaryimage","url":"https:\/\/rent-showroom.com\/wp-content\/uploads\/2025\/03\/Owners.jpg","contentUrl":"https:\/\/rent-showroom.com\/wp-content\/uploads\/2025\/03\/Owners.jpg"},{"@type":"BreadcrumbList","@id":"https:\/\/rent-showroom.com\/fr\/proprietaires\/#breadcrumb","itemListElement":[{"@type":"ListItem","position":1,"name":"Home","item":"https:\/\/rent-showroom.com\/fr\/"},{"@type":"ListItem","position":2,"name":"Propri\u00e9taires"}]},{"@type":"WebSite","@id":"https:\/\/rent-showroom.com\/fr\/#website","url":"https:\/\/rent-showroom.com\/fr\/","name":"Rent Showroom","description":"Showrooms and pop-up stores venues finder","publisher":{"@id":"https:\/\/rent-showroom.com\/fr\/#organization"},"potentialAction":[{"@type":"SearchAction","target":{"@type":"EntryPoint","urlTemplate":"https:\/\/rent-showroom.com\/fr\/?s={search_term_string}"},"query-input":{"@type":"PropertyValueSpecification","valueRequired":true,"valueName":"search_term_string"}}],"inLanguage":"fr-FR"},{"@type":"Organization","@id":"https:\/\/rent-showroom.com\/fr\/#organization","name":"Rent Showroom","url":"https:\/\/rent-showroom.com\/fr\/","logo":{"@type":"ImageObject","inLanguage":"fr-FR","@id":"https:\/\/rent-showroom.com\/fr\/#\/schema\/logo\/image\/","url":"https:\/\/rent-showroom.com\/wp-content\/uploads\/2025\/07\/cropped-Logo_footer_RentShowroomGris.png","contentUrl":"https:\/\/rent-showroom.com\/wp-content\/uploads\/2025\/07\/cropped-Logo_footer_RentShowroomGris.png","width":387,"height":258,"caption":"Rent Showroom"},"image":{"@id":"https:\/\/rent-showroom.com\/fr\/#\/schema\/logo\/image\/"}}]}},"_links":{"self":[{"href":"https:\/\/rent-showroom.com\/fr\/wp-json\/wp\/v2\/pages\/8604","targetHints":{"allow":["GET"]}}],"collection":[{"href":"https:\/\/rent-showroom.com\/fr\/wp-json\/wp\/v2\/pages"}],"about":[{"href":"https:\/\/rent-showroom.com\/fr\/wp-json\/wp\/v2\/types\/page"}],"author":[{"embeddable":true,"href":"https:\/\/rent-showroom.com\/fr\/wp-json\/wp\/v2\/users\/2"}],"replies":[{"embeddable":true,"href":"https:\/\/rent-showroom.com\/fr\/wp-json\/wp\/v2\/comments?post=8604"}],"version-history":[{"count":16,"href":"https:\/\/rent-showroom.com\/fr\/wp-json\/wp\/v2\/pages\/8604\/revisions"}],"predecessor-version":[{"id":9008,"href":"https:\/\/rent-showroom.com\/fr\/wp-json\/wp\/v2\/pages\/8604\/revisions\/9008"}],"wp:attachment":[{"href":"https:\/\/rent-showroom.com\/fr\/wp-json\/wp\/v2\/media?parent=8604"}],"curies":[{"name":"wp","href":"https:\/\/api.w.org\/{rel}","templated":true}]}}