{"id":9590,"date":"2025-01-18T10:14:44","date_gmt":"2025-01-18T09:14:44","guid":{"rendered":"https:\/\/rent-showroom.com\/politique-de-cookies\/"},"modified":"2025-08-01T12:11:31","modified_gmt":"2025-08-01T10:11:31","slug":"politique-de-cookies","status":"publish","type":"page","link":"https:\/\/rent-showroom.com\/fr\/politique-de-cookies\/","title":{"rendered":"Politique de Cookies"},"content":{"rendered":"\t\t<div data-elementor-type=\"wp-page\" data-elementor-id=\"9590\" class=\"elementor elementor-9590\">\n\t\t\t\t<div class=\"elementor-element elementor-element-dbdd0c3 e-flex e-con-boxed e-con e-parent\" data-id=\"dbdd0c3\" data-element_type=\"container\">\n\t\t\t\t\t<div class=\"e-con-inner\">\n\t\t\t\t<div class=\"elementor-element elementor-element-c4500fd elementor-widget elementor-widget-text-editor\" data-id=\"c4500fd\" data-element_type=\"widget\" data-widget_type=\"text-editor.default\">\n\t\t\t\t<div class=\"elementor-widget-container\">\n\t\t\t\t\t\t\t\t\t<p><span style=\"color: var( --e-global-color-text ); text-align: var(--text-align); background-color: var(--background); font-family: var(--e-global-typography-text-font-family);\">La pr\u00e9sente politique relative aux cookies<\/span><span style=\"color: var( --e-global-color-text ); text-align: var(--text-align); background-color: var(--background); font-family: var(--e-global-typography-text-font-family);\">\u00a0d\u00e9crit les diff\u00e9rents types de cookies que nous utilisons sur notre site\u00a0<\/span><a style=\"text-align: var(--text-align); font-family: var(--e-global-typography-text-font-family);\" href=\"https:\/\/rentshowroom3268.live-website.com\">www.rent-showroom.com<\/a>\u00a0<span style=\"color: var( --e-global-color-text ); text-align: var(--text-align); background-color: var(--background); font-family: var(--e-global-typography-text-font-family);\">(ci-apr\u00e8s, le \u00ab <\/span><strong style=\"color: var( --e-global-color-text ); text-align: var(--text-align); background-color: var(--background); font-family: var(--e-global-typography-text-font-family);\">Site<\/strong><span style=\"color: var( --e-global-color-text ); text-align: var(--text-align); background-color: var(--background); font-family: var(--e-global-typography-text-font-family);\">\u00a0\u00bb) et la mani\u00e8re dont vous pouvez param\u00e9trer ces cookies.<\/span> Nous appliquons une politique de confidentialit\u00e9 stricte et nous nous engageons \u00e0 \u00eatre transparents quant aux technologies qui sont utilis\u00e9es sur notre Site. Dans la mesure o\u00f9 les informations recueillies \u00e0 l\u2019aide des cookies constituent des donn\u00e9es personnelles, les dispositions de la Politique de confidentialit\u00e9 s\u2019appliquent et compl\u00e8tent la pr\u00e9sente politique de cookies.<\/p><h4>1.QU\u2019EST-CE QU\u2019UN COOKIE ?<\/h4><p>Un \u00ab cookie \u00bb est un petit fichier texte contenant des informations sauvegard\u00e9es par un site web sur un ordinateur ou par une application mobile sur le smartphone d\u2019un utilisateur. Les cookies offrent la possibilit\u00e9 de vous identifier et de m\u00e9moriser diff\u00e9rentes informations aux fins de vous faciliter la navigation sur un site\/une application mobile, d\u2019assurer le bon fonctionnement de ceux-ci ou de les rendre plus efficace, par exemple en m\u00e9morisant vos pr\u00e9f\u00e9rences linguistiques.<\/p><h4>2.QUELS COOKIES SONT UTILISES SUR NOTRE SITE ET POURQUOI ?<\/h4><p>Nous utilisons diff\u00e9rents types de cookies pour diff\u00e9rentes raisons.<\/p><table border=\"1\" cellspacing=\"0\" cellpadding=\"0\"><tbody><tr><td valign=\"top\" width=\"140\"><strong>COOKIE<\/strong><\/td><td valign=\"top\" width=\"341\"><strong>FINALITE<\/strong><\/td><\/tr><tr><td valign=\"top\" width=\"140\"><strong>COOKIES INDISPENSABLES<\/strong> <strong>(STRICTEMENT NECESSAIRE)<\/strong><\/td><td valign=\"top\" width=\"341\">Ces cookies sont indispensables \u00e0 la navigation sur notre Site ou strictement n\u00e9cessaires \u00e0 la fourniture d\u2019un service express\u00e9ment demand\u00e9 par un utilisateur. La suppression de ce type de cookies peut entrainer des difficult\u00e9s de navigation et est d\u00e8s lors fortement d\u00e9conseill\u00e9e.<\/td><\/tr><tr><td valign=\"top\" width=\"140\"><strong>COOKIES DE PREFERENCE<\/strong> <strong>(DE PERFORMANCE)<\/strong><\/td><td valign=\"top\" width=\"341\">Ces cookies recueillent des informations sur vos choix et pr\u00e9f\u00e9rences et rendent votre navigation plus agr\u00e9able et personnalis\u00e9e. Ces cookies permettent notamment de m\u00e9moriser la langue choisie lors de votre premi\u00e8re visite de notre Site aux fins de le personnaliser en cons\u00e9quence.<\/td><\/tr><tr><td valign=\"top\" width=\"140\"><strong>COOKIES ANALYTIQUES<\/strong> <strong>(STATISTIQUES)<\/strong><\/td><td valign=\"top\" width=\"341\">Ces cookies sont utilis\u00e9s pour rassembler des informations sur l\u2019utilisation que vous faites du Site afin d\u2019am\u00e9liorer le contenu de celui-ci, de le rendre plus adapt\u00e9 \u00e0 vos besoins et d\u2019augmenter sa facilit\u00e9 d\u2019utilisation. Par exemple, ces cookies nous montrent les pages du Site les plus visit\u00e9es ou aident \u00e0 identifier les difficult\u00e9s qui peuvent \u00eatre rencontr\u00e9es au cours de la navigation.<\/td><\/tr><tr><td valign=\"top\" width=\"140\"><strong>COOKIES TIERS<\/strong> <strong>(DE PARTAGE DE RESEAUX SOCIAUX)<\/strong><\/td><td valign=\"top\" width=\"341\">Ces cookies permettent de partager le contenu du Site avec d\u2019autres personnes via les r\u00e9seaux sociaux. Certains boutons de partage sont int\u00e9gr\u00e9s via des applications tierces pouvant \u00e9mettre ce type de cookies. C\u2019est notamment le cas des boutons \u00ab Facebook \u00bb, \u00ab Google \u00bb, \u00ab Instagram \u00bb. Les r\u00e9seaux sociaux fournissant un tel bouton de partage sont susceptibles de vous identifier gr\u00e2ce \u00e0 ce bouton, m\u00eame si vous n\u2019avez pas utilis\u00e9 ce bouton lors de la consultation de notre Site. Nous vous invitons \u00e0 consulter la politique vie priv\u00e9e de ces r\u00e9seaux sociaux afin de prendre connaissance des finalit\u00e9s d\u2019utilisation des informations recueillies gr\u00e2ce \u00e0 ces boutons de partage en vous rendant sur leurs sites respectifs.<\/td><\/tr><tr><td valign=\"top\" width=\"140\"><strong>COOKIES TIERS<\/strong> <strong>(PUBLICITAIRES)<\/strong><\/td><td valign=\"top\" width=\"341\">Ces cookies sont utilis\u00e9s \u00e0 des fins de marketing notamment pour afficher de la publicit\u00e9 cibl\u00e9e, r\u00e9aliser des \u00e9tudes de march\u00e9 et \u00e9valuer l\u2019efficacit\u00e9 d\u2019une campagne publicitaire.<\/td><\/tr><\/tbody><\/table><h4>3.COMMENT PARAMETRER LES COOKIES ?<\/h4><p>Vous pouvez facilement supprimer, d\u00e9sactiver ou accepter \u00e0 tout moment les cookies de notre Site en configurant les param\u00e8tres de votre navigateur. Chaque navigateur (Internet Explorer, Safari, Firefox, Google Chrome etc.) \u00e0 son propre mode de configuration de cookies. Pour conna\u00eetre la proc\u00e9dure \u00e0 suivre concernant votre navigateur rendez-vous sur le site : <a href=\"http:\/\/www.allaboutcookies.org\/fr\/gerer-les-cookies\/\">http:\/\/www.allaboutcookies.org\/fr\/gerer-les-cookies\/<\/a>. Si vous utilisez diff\u00e9rents ordinateurs, smartphones et\/ou tablettes n\u2019oubliez pas de configurer chaque \u00e9quipement de mani\u00e8re \u00e0 ce que chacun d\u2019eux corresponde \u00e0 vos pr\u00e9f\u00e9rences en termes de cookies.<\/p><h4>4.NOTRE SITE FONCTIONNERA-T-IL TOUJOURS SANS COOKIES ?<\/h4><p>Vous pourrez toujours consulter notre Site mais certaines interactions pourraient ne pas fonctionner normalement.<\/p><h4>5. D\u2019AUTRES QUESTIONS ?<\/h4><p>Si vous avez d\u2019autres questions, contactez nous : &#8211; par email \u00e0 l\u2019adresse suivante :\u00a0<a href=\"mailto:contact@rent-showroom.com\">contact@rent-showroom.com<\/a> &#8211; par courrier \u00e0 l\u2019adresse postale suivante : Rent Showroom, xxxxxxxxxxxxxxxxx xxxxx xxxxxxxxxx Immatricul\u00e9e au RCS de xxxxxx sous le num\u00e9ro\u00a0<span style=\"color: var( --e-global-color-text ); text-align: var(--text-align); background-color: var(--background); font-family: var(--e-global-typography-text-font-family);\">xxx xxx xxx<\/span><\/p><p><!-- \/wp:heading --><\/p>\t\t\t\t\t\t\t\t<\/div>\n\t\t\t\t<\/div>\n\t\t\t\t\t<\/div>\n\t\t\t\t<\/div>\n\t\t\t\t<\/div>\n\t\t","protected":false},"excerpt":{"rendered":"<p>La pr\u00e9sente politique relative aux cookies\u00a0d\u00e9crit les diff\u00e9rents types de cookies que nous utilisons sur notre site\u00a0www.rent-showroom.com\u00a0(ci-apr\u00e8s, le \u00ab Site\u00a0\u00bb) et la mani\u00e8re dont vous pouvez param\u00e9trer ces cookies. Nous appliquons une politique de confidentialit\u00e9 stricte et nous nous engageons \u00e0 \u00eatre transparents quant aux technologies qui sont utilis\u00e9es sur notre Site. Dans la mesure [&hellip;]<\/p>\n","protected":false},"author":2,"featured_media":0,"parent":0,"menu_order":0,"comment_status":"closed","ping_status":"closed","template":"","meta":{"footnotes":""},"class_list":["post-9590","page","type-page","status-publish","hentry"],"yoast_head":"<!-- This site is optimized with the Yoast SEO plugin v25.6 - https:\/\/yoast.com\/wordpress\/plugins\/seo\/ -->\n<title>Politique de Cookies - Rent Showroom<\/title>\n<meta name=\"robots\" content=\"index, follow, max-snippet:-1, max-image-preview:large, max-video-preview:-1\" \/>\n<link rel=\"canonical\" href=\"https:\/\/rent-showroom.com\/fr\/politique-de-cookies\/\" \/>\n<meta property=\"og:locale\" content=\"fr_FR\" \/>\n<meta property=\"og:type\" content=\"article\" \/>\n<meta property=\"og:title\" content=\"Politique de Cookies - Rent Showroom\" \/>\n<meta property=\"og:description\" content=\"La pr\u00e9sente politique relative aux cookies\u00a0d\u00e9crit les diff\u00e9rents types de cookies que nous utilisons sur notre site\u00a0www.rent-showroom.com\u00a0(ci-apr\u00e8s, le \u00ab Site\u00a0\u00bb) et la mani\u00e8re dont vous pouvez param\u00e9trer ces cookies. Nous appliquons une politique de confidentialit\u00e9 stricte et nous nous engageons \u00e0 \u00eatre transparents quant aux technologies qui sont utilis\u00e9es sur notre Site. Dans la mesure [&hellip;]\" \/>\n<meta property=\"og:url\" content=\"https:\/\/rent-showroom.com\/fr\/politique-de-cookies\/\" \/>\n<meta property=\"og:site_name\" content=\"Rent Showroom\" \/>\n<meta property=\"article:modified_time\" content=\"2025-08-01T10:11:31+00:00\" \/>\n<meta name=\"twitter:card\" content=\"summary_large_image\" \/>\n<meta name=\"twitter:label1\" content=\"Dur\u00e9e de lecture estim\u00e9e\" \/>\n\t<meta name=\"twitter:data1\" content=\"3 minutes\" \/>\n<script type=\"application\/ld+json\" class=\"yoast-schema-graph\">{\"@context\":\"https:\/\/schema.org\",\"@graph\":[{\"@type\":\"WebPage\",\"@id\":\"https:\/\/rent-showroom.com\/fr\/politique-de-cookies\/\",\"url\":\"https:\/\/rent-showroom.com\/fr\/politique-de-cookies\/\",\"name\":\"Politique de Cookies - Rent Showroom\",\"isPartOf\":{\"@id\":\"https:\/\/rent-showroom.com\/fr\/#website\"},\"datePublished\":\"2025-01-18T09:14:44+00:00\",\"dateModified\":\"2025-08-01T10:11:31+00:00\",\"breadcrumb\":{\"@id\":\"https:\/\/rent-showroom.com\/fr\/politique-de-cookies\/#breadcrumb\"},\"inLanguage\":\"fr-FR\",\"potentialAction\":[{\"@type\":\"ReadAction\",\"target\":[\"https:\/\/rent-showroom.com\/fr\/politique-de-cookies\/\"]}]},{\"@type\":\"BreadcrumbList\",\"@id\":\"https:\/\/rent-showroom.com\/fr\/politique-de-cookies\/#breadcrumb\",\"itemListElement\":[{\"@type\":\"ListItem\",\"position\":1,\"name\":\"Home\",\"item\":\"https:\/\/rent-showroom.com\/fr\/\"},{\"@type\":\"ListItem\",\"position\":2,\"name\":\"Politique de Cookies\"}]},{\"@type\":\"WebSite\",\"@id\":\"https:\/\/rent-showroom.com\/fr\/#website\",\"url\":\"https:\/\/rent-showroom.com\/fr\/\",\"name\":\"Rent Showroom\",\"description\":\"Showrooms and pop-up stores venues finder\",\"publisher\":{\"@id\":\"https:\/\/rent-showroom.com\/fr\/#organization\"},\"potentialAction\":[{\"@type\":\"SearchAction\",\"target\":{\"@type\":\"EntryPoint\",\"urlTemplate\":\"https:\/\/rent-showroom.com\/fr\/?s={search_term_string}\"},\"query-input\":{\"@type\":\"PropertyValueSpecification\",\"valueRequired\":true,\"valueName\":\"search_term_string\"}}],\"inLanguage\":\"fr-FR\"},{\"@type\":\"Organization\",\"@id\":\"https:\/\/rent-showroom.com\/fr\/#organization\",\"name\":\"Rent Showroom\",\"url\":\"https:\/\/rent-showroom.com\/fr\/\",\"logo\":{\"@type\":\"ImageObject\",\"inLanguage\":\"fr-FR\",\"@id\":\"https:\/\/rent-showroom.com\/fr\/#\/schema\/logo\/image\/\",\"url\":\"https:\/\/rent-showroom.com\/wp-content\/uploads\/2025\/07\/cropped-Logo_footer_RentShowroomGris.png\",\"contentUrl\":\"https:\/\/rent-showroom.com\/wp-content\/uploads\/2025\/07\/cropped-Logo_footer_RentShowroomGris.png\",\"width\":387,\"height\":258,\"caption\":\"Rent Showroom\"},\"image\":{\"@id\":\"https:\/\/rent-showroom.com\/fr\/#\/schema\/logo\/image\/\"}}]}<\/script>\n<!-- \/ Yoast SEO plugin. -->","yoast_head_json":{"title":"Politique de Cookies - Rent Showroom","robots":{"index":"index","follow":"follow","max-snippet":"max-snippet:-1","max-image-preview":"max-image-preview:large","max-video-preview":"max-video-preview:-1"},"canonical":"https:\/\/rent-showroom.com\/fr\/politique-de-cookies\/","og_locale":"fr_FR","og_type":"article","og_title":"Politique de Cookies - Rent Showroom","og_description":"La pr\u00e9sente politique relative aux cookies\u00a0d\u00e9crit les diff\u00e9rents types de cookies que nous utilisons sur notre site\u00a0www.rent-showroom.com\u00a0(ci-apr\u00e8s, le \u00ab Site\u00a0\u00bb) et la mani\u00e8re dont vous pouvez param\u00e9trer ces cookies. Nous appliquons une politique de confidentialit\u00e9 stricte et nous nous engageons \u00e0 \u00eatre transparents quant aux technologies qui sont utilis\u00e9es sur notre Site. Dans la mesure [&hellip;]","og_url":"https:\/\/rent-showroom.com\/fr\/politique-de-cookies\/","og_site_name":"Rent Showroom","article_modified_time":"2025-08-01T10:11:31+00:00","twitter_card":"summary_large_image","twitter_misc":{"Dur\u00e9e de lecture estim\u00e9e":"3 minutes"},"schema":{"@context":"https:\/\/schema.org","@graph":[{"@type":"WebPage","@id":"https:\/\/rent-showroom.com\/fr\/politique-de-cookies\/","url":"https:\/\/rent-showroom.com\/fr\/politique-de-cookies\/","name":"Politique de Cookies - Rent Showroom","isPartOf":{"@id":"https:\/\/rent-showroom.com\/fr\/#website"},"datePublished":"2025-01-18T09:14:44+00:00","dateModified":"2025-08-01T10:11:31+00:00","breadcrumb":{"@id":"https:\/\/rent-showroom.com\/fr\/politique-de-cookies\/#breadcrumb"},"inLanguage":"fr-FR","potentialAction":[{"@type":"ReadAction","target":["https:\/\/rent-showroom.com\/fr\/politique-de-cookies\/"]}]},{"@type":"BreadcrumbList","@id":"https:\/\/rent-showroom.com\/fr\/politique-de-cookies\/#breadcrumb","itemListElement":[{"@type":"ListItem","position":1,"name":"Home","item":"https:\/\/rent-showroom.com\/fr\/"},{"@type":"ListItem","position":2,"name":"Politique de Cookies"}]},{"@type":"WebSite","@id":"https:\/\/rent-showroom.com\/fr\/#website","url":"https:\/\/rent-showroom.com\/fr\/","name":"Rent Showroom","description":"Showrooms and pop-up stores venues finder","publisher":{"@id":"https:\/\/rent-showroom.com\/fr\/#organization"},"potentialAction":[{"@type":"SearchAction","target":{"@type":"EntryPoint","urlTemplate":"https:\/\/rent-showroom.com\/fr\/?s={search_term_string}"},"query-input":{"@type":"PropertyValueSpecification","valueRequired":true,"valueName":"search_term_string"}}],"inLanguage":"fr-FR"},{"@type":"Organization","@id":"https:\/\/rent-showroom.com\/fr\/#organization","name":"Rent Showroom","url":"https:\/\/rent-showroom.com\/fr\/","logo":{"@type":"ImageObject","inLanguage":"fr-FR","@id":"https:\/\/rent-showroom.com\/fr\/#\/schema\/logo\/image\/","url":"https:\/\/rent-showroom.com\/wp-content\/uploads\/2025\/07\/cropped-Logo_footer_RentShowroomGris.png","contentUrl":"https:\/\/rent-showroom.com\/wp-content\/uploads\/2025\/07\/cropped-Logo_footer_RentShowroomGris.png","width":387,"height":258,"caption":"Rent Showroom"},"image":{"@id":"https:\/\/rent-showroom.com\/fr\/#\/schema\/logo\/image\/"}}]}},"_links":{"self":[{"href":"https:\/\/rent-showroom.com\/fr\/wp-json\/wp\/v2\/pages\/9590","targetHints":{"allow":["GET"]}}],"collection":[{"href":"https:\/\/rent-showroom.com\/fr\/wp-json\/wp\/v2\/pages"}],"about":[{"href":"https:\/\/rent-showroom.com\/fr\/wp-json\/wp\/v2\/types\/page"}],"author":[{"embeddable":true,"href":"https:\/\/rent-showroom.com\/fr\/wp-json\/wp\/v2\/users\/2"}],"replies":[{"embeddable":true,"href":"https:\/\/rent-showroom.com\/fr\/wp-json\/wp\/v2\/comments?post=9590"}],"version-history":[{"count":14,"href":"https:\/\/rent-showroom.com\/fr\/wp-json\/wp\/v2\/pages\/9590\/revisions"}],"predecessor-version":[{"id":9609,"href":"https:\/\/rent-showroom.com\/fr\/wp-json\/wp\/v2\/pages\/9590\/revisions\/9609"}],"wp:attachment":[{"href":"https:\/\/rent-showroom.com\/fr\/wp-json\/wp\/v2\/media?parent=9590"}],"curies":[{"name":"wp","href":"https:\/\/api.w.org\/{rel}","templated":true}]}}